{"id":6462,"date":"2014-10-07T14:02:31","date_gmt":"2014-10-07T14:02:31","guid":{"rendered":"https:\/\/www.pme-conseils.be\/?page_id=6462"},"modified":"2023-07-06T09:05:22","modified_gmt":"2023-07-06T08:05:22","slug":"management-of-subsidised-projects","status":"publish","type":"page","link":"https:\/\/www.pme-conseils.be\/en\/management-of-subsidised-projects\/","title":{"rendered":"Accounting services &#8211; Management of subsidised projects"},"content":{"rendered":"<p>[vc_row class=&#8221;no-padding titre-sous-departement&#8221;][vc_column width=&#8221;1\/2&#8243;][wm_image src=&#8221;6674&#8243;][\/vc_column][vc_column width=&#8221;1\/2&#8243;][\/vc_column][\/vc_row][vc_row disable_container=&#8221;1&#8243; class=&#8221;no-padding fiduciaire-logo-contenu&#8221;][vc_column width=&#8221;1\/2&#8243; class=&#8221;no-margin alignright&#8221; bg_image=&#8221;5974&#8243;][wm_image src=&#8221;6526&#8243; class=&#8221;iso-banner fiduciaire-logo&#8221;][\/vc_column][vc_column width=&#8221;1\/2&#8243; class=&#8221;no-margin p6c&#8221;][wm_text_block class=&#8221;subtitle underline&#8221;]<\/p>\n<h2 class=\"p1\">MANAGEMENT OF subsidised projects<\/h2>\n<p>[\/wm_text_block][wm_text_block class=&#8221;service-description-text&#8221;]<\/p>\n<p class=\"p1\">The entities concerned are non-profit associations, international associations and NGOs. Project management requires budgetary and financial accounting specifically adapted to supervising, controlling and editing the reports that have to be drawn up according to the requirements of each sponsor. Our company is in regular contact with the various public authorities, such as the European Commission, various Belgian Ministries, the Coordination Committee of the Funds (COCOF),&#8230;<\/p>\n<p>[\/wm_text_block][wm_text_block]<\/p>\n<p class=\"p1\">The services offered by PME-Conseils include:<\/p>\n<p>[\/wm_text_block][wm_list class=&#8221;list-core-values-small&#8221;]<\/p>\n<ul>\n<li>comptabilit\u00e9 g\u00e9n\u00e9rale \u00e9tablie selon les normes en vigueur (AR du 14\/7\/1997) et recommand\u00e9es par l&#8217;Institut des R\u00e9viseurs<\/li>\n<li>accounting services prepared in accordance with the standards in force (AR of 14\/7\/1997) as issued by the Institute of Registered Auditors,<\/li>\n<li>creation of cost accounting which, enables follow-up on a project-by-projet basis,<\/li>\n<li>the drafting of budgetary reports in accordance with the specific requirements of each sponsor,<\/li>\n<li>financial controls with the subsidising powers<\/li>\n<\/ul>\n<p>[\/wm_list][wm_button url=&#8221;\/?p=6046&#8243; color=&#8221;red&#8221; size=&#8221;m&#8221; icon=&#8221;icon-angle-left&#8221; class=&#8221; button-border&#8221;]Return to Accounting services[\/wm_button][\/vc_column][\/vc_row]<\/p>\n","protected":false},"excerpt":{"rendered":"<p>[vc_row class=&#8221;no-padding titre-sous-departement&#8221;][vc_column width=&#8221;1\/2&#8243;][wm_image src=&#8221;6674&#8243;][\/vc_column][vc_column width=&#8221;1\/2&#8243;][\/vc_column][\/vc_row][vc_row disable_container=&#8221;1&#8243; class=&#8221;no-padding fiduciaire-logo-contenu&#8221;][vc_column width=&#8221;1\/2&#8243; class=&#8221;no-margin alignright&#8221; bg_image=&#8221;5974&#8243;][wm_image src=&#8221;6526&#8243; class=&#8221;iso-banner fiduciaire-logo&#8221;][\/vc_column][vc_column width=&#8221;1\/2&#8243; class=&#8221;no-margin p6c&#8221;][wm_text_block class=&#8221;subtitle [&hellip;]<\/p>\n","protected":false},"author":1,"featured_media":0,"parent":0,"menu_order":0,"comment_status":"closed","ping_status":"closed","template":"two_block.php","meta":[],"type_de_page":[99],"acf":[],"_links":{"self":[{"href":"https:\/\/www.pme-conseils.be\/en\/wp-json\/wp\/v2\/pages\/6462"}],"collection":[{"href":"https:\/\/www.pme-conseils.be\/en\/wp-json\/wp\/v2\/pages"}],"about":[{"href":"https:\/\/www.pme-conseils.be\/en\/wp-json\/wp\/v2\/types\/page"}],"author":[{"embeddable":true,"href":"https:\/\/www.pme-conseils.be\/en\/wp-json\/wp\/v2\/users\/1"}],"replies":[{"embeddable":true,"href":"https:\/\/www.pme-conseils.be\/en\/wp-json\/wp\/v2\/comments?post=6462"}],"version-history":[{"count":11,"href":"https:\/\/www.pme-conseils.be\/en\/wp-json\/wp\/v2\/pages\/6462\/revisions"}],"predecessor-version":[{"id":7237,"href":"https:\/\/www.pme-conseils.be\/en\/wp-json\/wp\/v2\/pages\/6462\/revisions\/7237"}],"wp:attachment":[{"href":"https:\/\/www.pme-conseils.be\/en\/wp-json\/wp\/v2\/media?parent=6462"}],"wp:term":[{"taxonomy":"type_de_page","embeddable":true,"href":"https:\/\/www.pme-conseils.be\/en\/wp-json\/wp\/v2\/type_de_page?post=6462"}],"curies":[{"name":"wp","href":"https:\/\/api.w.org\/{rel}","templated":true}]}}